{"id":2033,"date":"2023-02-07T09:14:02","date_gmt":"2023-02-07T08:14:02","guid":{"rendered":"https:\/\/centralny-portal-euslug.wysokiemazowieckie.pl\/eplatnosci\/brak-danych\/"},"modified":"2023-02-07T09:14:02","modified_gmt":"2023-02-07T08:14:02","slug":"brak-danych","status":"publish","type":"page","link":"https:\/\/centralny-portal-euslug.wysokiemazowieckie.pl\/en\/eplatnosci\/brak-danych\/","title":{"rendered":"Brak Danych"},"content":{"rendered":"\n<p>Brak pasuj\u0105cego podmiotu. Przepraszamy, ale nie znale\u017ali\u015bmy pasuj\u0105cego kontrahenta w naszym systemie finansowo-ksi\u0119gowym. Wybierz jedn\u0105 z opcji poni\u017cej, aby kontynuowa\u0107.<\/p>\n\n\n\n<div class=\"wp-block-columns is-layout-flex wp-container-core-columns-is-layout-28f84493 wp-block-columns-is-layout-flex\">\n<div class=\"wp-block-column has-border-color has-ast-global-color-4-border-color is-layout-flow wp-block-column-is-layout-flow\" style=\"border-width:2px;padding-top:2em;padding-right:2em;padding-bottom:2em;padding-left:2em\">\n<h2 class=\"wp-block-heading\">Jestem przedsi\u0119biorc\u0105<\/h2>\n\n\n\n<p>Je\u015bli dokonujesz op\u0142at jako osoba prawna wy\u015blij wniosek o powi\u0105zanie Twojego profilu <br>z kontrahentem w naszej bazie.<\/p>\n\n\n\n<p><a href=\"https:\/\/centralny-portal-euslug.wysokiemazowieckie.pl\/eplatnosci\/brak-danych\/jestem-przedsiebiorca\/\">Przejd\u017a do formularza<\/a><\/p>\n<\/div>\n\n\n\n<div class=\"wp-block-column has-border-color has-ast-global-color-4-border-color is-layout-flow wp-block-column-is-layout-flow\" style=\"border-width:2px;padding-top:2em;padding-right:2em;padding-bottom:2em;padding-left:2em\">\n<h2 class=\"wp-block-heading\">Jestem mieszka\u0144cem<\/h2>\n\n\n\n<p>Je\u015bli dokonujesz op\u0142at jako osoba fizyczna (mieszkaniec) nie posiadamy Twojego numeru PESEL w naszej bazie. Z\u0142\u00f3\u017c wniosek <br>o uzupe\u0142nienie bazy i powi\u0105zanie konta.<\/p>\n\n\n\n<p><a href=\"https:\/\/centralny-portal-euslug.wysokiemazowieckie.pl\/eplatnosci\/brak-danych\/jestem-mieszkancem\/\">Przejd\u017a do formularza<\/a><\/p>\n<\/div>\n\n\n\n<div class=\"wp-block-column has-border-color has-ast-global-color-4-border-color is-layout-flow wp-block-column-is-layout-flow\" style=\"border-width:2px;padding-top:2em;padding-right:2em;padding-bottom:2em;padding-left:2em\">\n<h2 class=\"wp-block-heading\">Zosta\u0142em upowa\u017cniony<\/h2>\n\n\n\n<p>Zosta\u0142e\u015b upowa\u017cniony przez inn\u0105 osob\u0119 do jej zobowi\u0105za\u0144 podatkowych? Wype\u0142nij wniosek aby uzyska\u0107 dost\u0119p do dodatkowego kontekstu.<\/p>\n\n\n\n<p><a href=\"https:\/\/centralny-portal-euslug.wysokiemazowieckie.pl\/eplatnosci\/brak-danych\/zostalem-upowazniony\/\">Przejd\u017a do formularza<\/a><\/p>\n<\/div>\n<\/div>\n\n\n\n<div class=\"wp-block-columns has-background is-layout-flex wp-container-core-columns-is-layout-ac1e076c wp-block-columns-is-layout-flex\" style=\"border-radius:10px;background-color:#00406e;margin-top:30px;padding-top:20px;padding-right:20px;padding-bottom:20px;padding-left:20px\">\n<div class=\"wp-block-column is-layout-flow wp-block-column-is-layout-flow\" style=\"flex-basis:66.66%\">\n<h2 class=\"has-ast-global-color-5-color has-text-color wp-block-heading\">Szybki dost\u0119p<\/h2>\n\n\n\n<p class=\"has-ast-global-color-5-color has-text-color\">Poni\u017cej znajdziesz szybki dost\u0119p do najwa\u017cniejszych element\u00f3w systemu. Znajdziesz tu informacje o zgodach RODO, informacje o systemie oraz zg\u0142osisz problem zwi\u0105zany z Us\u0142ug\u0105.<\/p>\n\n\n\n<p class=\"has-ast-global-color-5-color has-text-color has-link-color wp-elements-4f08ab2dcee892f7516963266c251178\"><a href=\"https:\/\/centralny-portal-euslug.wysokiemazowieckie.pl\/eplatnosci\/brak-danych\/\">Powi\u0105\u017c konto z podmiotem<\/a><\/p>\n\n\n\n<p class=\"has-link-color wp-elements-e257867fbb0448e3ad53691968769cd6\"><a href=\"https:\/\/centralny-portal-euslug.wysokiemazowieckie.pl\/eplatnosci\/panel-uzytkownika\/\">Panel U\u017cytkownika<\/a><\/p>\n\n\n\n<p class=\"has-link-color wp-elements-fdbddef94f2c2f710b5a5c78703801a6\"><a href=\"https:\/\/centralny-portal-euslug.wysokiemazowieckie.pl\/eplatnosci\/panel-uzytkownika\/moje-powiadomienia\/\">Zarz\u0105dzaj powiadomieniami<\/a><\/p>\n<\/div>\n\n\n\n<div class=\"wp-block-column is-vertically-aligned-center is-layout-flow wp-block-column-is-layout-flow\" style=\"flex-basis:33.33%\">\n<figure class=\"wp-block-image size-full\"><img decoding=\"async\" src=\"https:\/\/centralny-portal-euslug.wysokie-mazowieckie.system-testowy.pl\/wp-content\/uploads\/sites\/20\/2023\/02\/wiekszy-obrazek.png\" alt=\"\" class=\"wp-image-1631\"\/><\/figure>\n<\/div>\n<\/div>\n<p>Views: 0<\/p>","protected":false},"excerpt":{"rendered":"<p>Brak pasuj\u0105cego podmiotu. Przepraszamy, ale nie znale\u017ali\u015bmy pasuj\u0105cego kontrahenta w naszym systemie finansowo-ksi\u0119gowym. Wybierz jedn\u0105 z opcji poni\u017cej, aby kontynuowa\u0107. Jestem przedsi\u0119biorc\u0105 Je\u015bli dokonujesz op\u0142at jako osoba prawna wy\u015blij wniosek o powi\u0105zanie Twojego profilu z kontrahentem w naszej bazie. Przejd\u017a do formularza Jestem mieszka\u0144cem Je\u015bli dokonujesz op\u0142at jako osoba fizyczna (mieszkaniec) nie posiadamy Twojego numeru [&hellip;]<\/p>\n","protected":false},"author":8,"featured_media":0,"parent":2030,"menu_order":0,"comment_status":"closed","ping_status":"closed","template":"","meta":{"site-sidebar-layout":"default","site-content-layout":"","ast-site-content-layout":"default","site-content-style":"default","site-sidebar-style":"default","ast-global-header-display":"","ast-banner-title-visibility":"","ast-main-header-display":"","ast-hfb-above-header-display":"","ast-hfb-below-header-display":"","ast-hfb-mobile-header-display":"","site-post-title":"","ast-breadcrumbs-content":"","ast-featured-img":"","footer-sml-layout":"","theme-transparent-header-meta":"","adv-header-id-meta":"","stick-header-meta":"","header-above-stick-meta":"","header-main-stick-meta":"","header-below-stick-meta":"","astra-migrate-meta-layouts":"default","ast-page-background-enabled":"default","ast-page-background-meta":{"desktop":{"background-color":"var(--ast-global-color-4)","background-image":"","background-repeat":"repeat","background-position":"center center","background-size":"auto","background-attachment":"scroll","background-type":"","background-media":"","overlay-type":"","overlay-color":"","overlay-opacity":"","overlay-gradient":""},"tablet":{"background-color":"","background-image":"","background-repeat":"repeat","background-position":"center center","background-size":"auto","background-attachment":"scroll","background-type":"","background-media":"","overlay-type":"","overlay-color":"","overlay-opacity":"","overlay-gradient":""},"mobile":{"background-color":"","background-image":"","background-repeat":"repeat","background-position":"center center","background-size":"auto","background-attachment":"scroll","background-type":"","background-media":"","overlay-type":"","overlay-color":"","overlay-opacity":"","overlay-gradient":""}},"ast-content-background-meta":{"desktop":{"background-color":"var(--ast-global-color-5)","background-image":"","background-repeat":"repeat","background-position":"center center","background-size":"auto","background-attachment":"scroll","background-type":"","background-media":"","overlay-type":"","overlay-color":"","overlay-opacity":"","overlay-gradient":""},"tablet":{"background-color":"var(--ast-global-color-5)","background-image":"","background-repeat":"repeat","background-position":"center center","background-size":"auto","background-attachment":"scroll","background-type":"","background-media":"","overlay-type":"","overlay-color":"","overlay-opacity":"","overlay-gradient":""},"mobile":{"background-color":"var(--ast-global-color-5)","background-image":"","background-repeat":"repeat","background-position":"center center","background-size":"auto","background-attachment":"scroll","background-type":"","background-media":"","overlay-type":"","overlay-color":"","overlay-opacity":"","overlay-gradient":""}},"footnotes":""},"class_list":["post-2033","page","type-page","status-publish","hentry"],"yoast_head":"<!-- This site is optimized with the Yoast SEO plugin v27.4 - https:\/\/yoast.com\/product\/yoast-seo-wordpress\/ -->\n<title>Brak Danych - Central Portal of E-Services<\/title>\n<meta name=\"robots\" content=\"index, follow, max-snippet:-1, max-image-preview:large, max-video-preview:-1\" \/>\n<link rel=\"canonical\" href=\"https:\/\/centralny-portal-euslug.wysokiemazowieckie.pl\/en\/eplatnosci\/brak-danych\/\" \/>\n<meta property=\"og:locale\" content=\"en_US\" \/>\n<meta property=\"og:type\" content=\"article\" \/>\n<meta property=\"og:title\" content=\"Brak Danych - Central Portal of E-Services\" \/>\n<meta property=\"og:description\" content=\"Brak pasuj\u0105cego podmiotu. Przepraszamy, ale nie znale\u017ali\u015bmy pasuj\u0105cego kontrahenta w naszym systemie finansowo-ksi\u0119gowym. Wybierz jedn\u0105 z opcji poni\u017cej, aby kontynuowa\u0107. Jestem przedsi\u0119biorc\u0105 Je\u015bli dokonujesz op\u0142at jako osoba prawna wy\u015blij wniosek o powi\u0105zanie Twojego profilu z kontrahentem w naszej bazie. Przejd\u017a do formularza Jestem mieszka\u0144cem Je\u015bli dokonujesz op\u0142at jako osoba fizyczna (mieszkaniec) nie posiadamy Twojego numeru [&hellip;]\" \/>\n<meta property=\"og:url\" content=\"https:\/\/centralny-portal-euslug.wysokiemazowieckie.pl\/en\/eplatnosci\/brak-danych\/\" \/>\n<meta property=\"og:site_name\" content=\"Central Portal of E-Services\" \/>\n<meta name=\"twitter:card\" content=\"summary_large_image\" \/>\n<meta name=\"twitter:label1\" content=\"Est. reading time\" \/>\n\t<meta name=\"twitter:data1\" content=\"1 minute\" \/>\n<script type=\"application\/ld+json\" class=\"yoast-schema-graph\">{\"@context\":\"https:\\\/\\\/schema.org\",\"@graph\":[{\"@type\":\"WebPage\",\"@id\":\"https:\\\/\\\/centralny-portal-euslug.wysokiemazowieckie.pl\\\/en\\\/eplatnosci\\\/brak-danych\\\/\",\"url\":\"https:\\\/\\\/centralny-portal-euslug.wysokiemazowieckie.pl\\\/en\\\/eplatnosci\\\/brak-danych\\\/\",\"name\":\"Brak Danych - Central Portal of E-Services\",\"isPartOf\":{\"@id\":\"https:\\\/\\\/centralny-portal-euslug.wysokiemazowieckie.pl\\\/#website\"},\"datePublished\":\"2023-02-07T08:14:02+00:00\",\"breadcrumb\":{\"@id\":\"https:\\\/\\\/centralny-portal-euslug.wysokiemazowieckie.pl\\\/en\\\/eplatnosci\\\/brak-danych\\\/#breadcrumb\"},\"inLanguage\":\"en-US\",\"potentialAction\":[{\"@type\":\"ReadAction\",\"target\":[\"https:\\\/\\\/centralny-portal-euslug.wysokiemazowieckie.pl\\\/en\\\/eplatnosci\\\/brak-danych\\\/\"]}]},{\"@type\":\"BreadcrumbList\",\"@id\":\"https:\\\/\\\/centralny-portal-euslug.wysokiemazowieckie.pl\\\/en\\\/eplatnosci\\\/brak-danych\\\/#breadcrumb\",\"itemListElement\":[{\"@type\":\"ListItem\",\"position\":1,\"name\":\"Strona g\u0142\u00f3wna\",\"item\":\"https:\\\/\\\/centralny-portal-euslug.wysokiemazowieckie.pl\\\/en\\\/\"},{\"@type\":\"ListItem\",\"position\":2,\"name\":\"eP\u0142atno\u015bci\",\"item\":\"https:\\\/\\\/centralny-portal-euslug.wysokiemazowieckie.pl\\\/en\\\/eplatnosci\\\/\"},{\"@type\":\"ListItem\",\"position\":3,\"name\":\"Brak Danych\"}]},{\"@type\":\"WebSite\",\"@id\":\"https:\\\/\\\/centralny-portal-euslug.wysokiemazowieckie.pl\\\/#website\",\"url\":\"https:\\\/\\\/centralny-portal-euslug.wysokiemazowieckie.pl\\\/\",\"name\":\"Central Portal of E-Services\",\"description\":\"City hall Wysokie Mazowieckie\",\"publisher\":{\"@id\":\"https:\\\/\\\/centralny-portal-euslug.wysokiemazowieckie.pl\\\/#organization\"},\"potentialAction\":[{\"@type\":\"SearchAction\",\"target\":{\"@type\":\"EntryPoint\",\"urlTemplate\":\"https:\\\/\\\/centralny-portal-euslug.wysokiemazowieckie.pl\\\/?s={search_term_string}\"},\"query-input\":{\"@type\":\"PropertyValueSpecification\",\"valueRequired\":true,\"valueName\":\"search_term_string\"}}],\"inLanguage\":\"en-US\"},{\"@type\":\"Organization\",\"@id\":\"https:\\\/\\\/centralny-portal-euslug.wysokiemazowieckie.pl\\\/#organization\",\"name\":\"Central Portal of E-Services\",\"url\":\"https:\\\/\\\/centralny-portal-euslug.wysokiemazowieckie.pl\\\/\",\"logo\":{\"@type\":\"ImageObject\",\"inLanguage\":\"en-US\",\"@id\":\"https:\\\/\\\/centralny-portal-euslug.wysokiemazowieckie.pl\\\/#\\\/schema\\\/logo\\\/image\\\/\",\"url\":\"https:\\\/\\\/centralny-portal-euslug.wysokiemazowieckie.pl\\\/wp-content\\\/uploads\\\/sites\\\/20\\\/2022\\\/12\\\/herbWysokieMaz600.png\",\"contentUrl\":\"https:\\\/\\\/centralny-portal-euslug.wysokiemazowieckie.pl\\\/wp-content\\\/uploads\\\/sites\\\/20\\\/2022\\\/12\\\/herbWysokieMaz600.png\",\"width\":496,\"height\":600,\"caption\":\"Central Portal of E-Services\"},\"image\":{\"@id\":\"https:\\\/\\\/centralny-portal-euslug.wysokiemazowieckie.pl\\\/#\\\/schema\\\/logo\\\/image\\\/\"}}]}<\/script>\n<!-- \/ Yoast SEO plugin. -->","yoast_head_json":{"title":"Brak Danych - Central Portal of E-Services","robots":{"index":"index","follow":"follow","max-snippet":"max-snippet:-1","max-image-preview":"max-image-preview:large","max-video-preview":"max-video-preview:-1"},"canonical":"https:\/\/centralny-portal-euslug.wysokiemazowieckie.pl\/en\/eplatnosci\/brak-danych\/","og_locale":"en_US","og_type":"article","og_title":"Brak Danych - Central Portal of E-Services","og_description":"Brak pasuj\u0105cego podmiotu. Przepraszamy, ale nie znale\u017ali\u015bmy pasuj\u0105cego kontrahenta w naszym systemie finansowo-ksi\u0119gowym. Wybierz jedn\u0105 z opcji poni\u017cej, aby kontynuowa\u0107. Jestem przedsi\u0119biorc\u0105 Je\u015bli dokonujesz op\u0142at jako osoba prawna wy\u015blij wniosek o powi\u0105zanie Twojego profilu z kontrahentem w naszej bazie. Przejd\u017a do formularza Jestem mieszka\u0144cem Je\u015bli dokonujesz op\u0142at jako osoba fizyczna (mieszkaniec) nie posiadamy Twojego numeru [&hellip;]","og_url":"https:\/\/centralny-portal-euslug.wysokiemazowieckie.pl\/en\/eplatnosci\/brak-danych\/","og_site_name":"Central Portal of E-Services","twitter_card":"summary_large_image","twitter_misc":{"Est. reading time":"1 minute"},"schema":{"@context":"https:\/\/schema.org","@graph":[{"@type":"WebPage","@id":"https:\/\/centralny-portal-euslug.wysokiemazowieckie.pl\/en\/eplatnosci\/brak-danych\/","url":"https:\/\/centralny-portal-euslug.wysokiemazowieckie.pl\/en\/eplatnosci\/brak-danych\/","name":"Brak Danych - Central Portal of E-Services","isPartOf":{"@id":"https:\/\/centralny-portal-euslug.wysokiemazowieckie.pl\/#website"},"datePublished":"2023-02-07T08:14:02+00:00","breadcrumb":{"@id":"https:\/\/centralny-portal-euslug.wysokiemazowieckie.pl\/en\/eplatnosci\/brak-danych\/#breadcrumb"},"inLanguage":"en-US","potentialAction":[{"@type":"ReadAction","target":["https:\/\/centralny-portal-euslug.wysokiemazowieckie.pl\/en\/eplatnosci\/brak-danych\/"]}]},{"@type":"BreadcrumbList","@id":"https:\/\/centralny-portal-euslug.wysokiemazowieckie.pl\/en\/eplatnosci\/brak-danych\/#breadcrumb","itemListElement":[{"@type":"ListItem","position":1,"name":"Strona g\u0142\u00f3wna","item":"https:\/\/centralny-portal-euslug.wysokiemazowieckie.pl\/en\/"},{"@type":"ListItem","position":2,"name":"eP\u0142atno\u015bci","item":"https:\/\/centralny-portal-euslug.wysokiemazowieckie.pl\/en\/eplatnosci\/"},{"@type":"ListItem","position":3,"name":"Brak Danych"}]},{"@type":"WebSite","@id":"https:\/\/centralny-portal-euslug.wysokiemazowieckie.pl\/#website","url":"https:\/\/centralny-portal-euslug.wysokiemazowieckie.pl\/","name":"Central Portal of E-Services","description":"City hall Wysokie Mazowieckie","publisher":{"@id":"https:\/\/centralny-portal-euslug.wysokiemazowieckie.pl\/#organization"},"potentialAction":[{"@type":"SearchAction","target":{"@type":"EntryPoint","urlTemplate":"https:\/\/centralny-portal-euslug.wysokiemazowieckie.pl\/?s={search_term_string}"},"query-input":{"@type":"PropertyValueSpecification","valueRequired":true,"valueName":"search_term_string"}}],"inLanguage":"en-US"},{"@type":"Organization","@id":"https:\/\/centralny-portal-euslug.wysokiemazowieckie.pl\/#organization","name":"Central Portal of E-Services","url":"https:\/\/centralny-portal-euslug.wysokiemazowieckie.pl\/","logo":{"@type":"ImageObject","inLanguage":"en-US","@id":"https:\/\/centralny-portal-euslug.wysokiemazowieckie.pl\/#\/schema\/logo\/image\/","url":"https:\/\/centralny-portal-euslug.wysokiemazowieckie.pl\/wp-content\/uploads\/sites\/20\/2022\/12\/herbWysokieMaz600.png","contentUrl":"https:\/\/centralny-portal-euslug.wysokiemazowieckie.pl\/wp-content\/uploads\/sites\/20\/2022\/12\/herbWysokieMaz600.png","width":496,"height":600,"caption":"Central Portal of E-Services"},"image":{"@id":"https:\/\/centralny-portal-euslug.wysokiemazowieckie.pl\/#\/schema\/logo\/image\/"}}]}},"_links":{"self":[{"href":"https:\/\/centralny-portal-euslug.wysokiemazowieckie.pl\/en\/wp-json\/wp\/v2\/pages\/2033","targetHints":{"allow":["GET"]}}],"collection":[{"href":"https:\/\/centralny-portal-euslug.wysokiemazowieckie.pl\/en\/wp-json\/wp\/v2\/pages"}],"about":[{"href":"https:\/\/centralny-portal-euslug.wysokiemazowieckie.pl\/en\/wp-json\/wp\/v2\/types\/page"}],"author":[{"embeddable":true,"href":"https:\/\/centralny-portal-euslug.wysokiemazowieckie.pl\/en\/wp-json\/wp\/v2\/users\/8"}],"replies":[{"embeddable":true,"href":"https:\/\/centralny-portal-euslug.wysokiemazowieckie.pl\/en\/wp-json\/wp\/v2\/comments?post=2033"}],"version-history":[{"count":0,"href":"https:\/\/centralny-portal-euslug.wysokiemazowieckie.pl\/en\/wp-json\/wp\/v2\/pages\/2033\/revisions"}],"up":[{"embeddable":true,"href":"https:\/\/centralny-portal-euslug.wysokiemazowieckie.pl\/en\/wp-json\/wp\/v2\/pages\/2030"}],"wp:attachment":[{"href":"https:\/\/centralny-portal-euslug.wysokiemazowieckie.pl\/en\/wp-json\/wp\/v2\/media?parent=2033"}],"curies":[{"name":"wp","href":"https:\/\/api.w.org\/{rel}","templated":true}]}}