{"id":2045,"date":"2023-02-07T08:57:12","date_gmt":"2023-02-07T07:57:12","guid":{"rendered":"https:\/\/centralny-portal-euslug.wysokiemazowieckie.pl\/eplatnosci\/panel-uzytkownika\/"},"modified":"2023-04-10T23:11:01","modified_gmt":"2023-04-10T21:11:01","slug":"panel-uzytkownika","status":"publish","type":"page","link":"https:\/\/centralny-portal-euslug.wysokiemazowieckie.pl\/en\/eplatnosci\/panel-uzytkownika\/","title":{"rendered":"Panel u\u017cytkownika"},"content":{"rendered":"\n\n\nKonto nie jest powi\u0105zane z systemem ksi\u0119gowym, wype\u0142nij <a href='https:\/\/centralny-portal-euslug.wysokiemazowieckie.pl\/eplatnosci\/brak-danych\/'>formularz<\/a> w celu nadania uprawnie\u0144.\n\n\n\n<div class=\"wp-block-columns is-layout-flex wp-container-core-columns-is-layout-349d4d0c wp-block-columns-is-layout-flex\" style=\"margin-top:30px\">\n<div class=\"wp-block-column is-layout-flow wp-block-column-is-layout-flow\">\n<div class=\"inherit-container-width wp-block-group is-layout-constrained wp-container-core-group-is-layout-edcc6feb wp-block-group-is-layout-constrained\" style=\"border-width:1px;border-radius:10px;padding-top:10px;padding-right:10px;padding-bottom:10px;padding-left:10px\">\n<div class=\"wp-block-columns alignwide is-layout-flex wp-container-core-columns-is-layout-28f84493 wp-block-columns-is-layout-flex\">\n<div class=\"wp-block-column is-layout-flow wp-block-column-is-layout-flow\" style=\"flex-basis:15%\">\n<figure class=\"wp-block-image size-full\"><img decoding=\"async\" src=\"https:\/\/gov.multi.system-testowy.pl\/wp-content\/uploads\/sites\/5\/2023\/02\/icon-color.png\" alt=\"\" class=\"wp-image-587\"\/><\/figure>\n<\/div>\n\n\n\n<div class=\"wp-block-column is-layout-flow wp-block-column-is-layout-flow\" style=\"flex-basis:66.66%\">\n<h3 class=\"wp-block-heading\">Moje dane<\/h3>\n\n\n\n<p>Tutaj sprawdzisz szczeg\u00f3\u0142y swojego konta jako Podatnik<\/p>\n\n\n\n<p><a href=\"https:\/\/centralny-portal-euslug.wysokiemazowieckie.pl\/en\/eplatnosci\/panel-uzytkownika\/moje-dane\/\">Przejd\u017a do swoich danych kontrahenta<\/a><\/p>\n<\/div>\n<\/div>\n<\/div>\n<\/div>\n\n\n\n<div class=\"wp-block-column is-layout-flow wp-block-column-is-layout-flow\">\n<div class=\"inherit-container-width wp-block-group is-layout-constrained wp-container-core-group-is-layout-edcc6feb wp-block-group-is-layout-constrained\" style=\"border-width:1px;border-radius:10px;padding-top:10px;padding-right:10px;padding-bottom:10px;padding-left:10px\">\n<div class=\"wp-block-columns is-layout-flex wp-container-core-columns-is-layout-28f84493 wp-block-columns-is-layout-flex\">\n<div class=\"wp-block-column is-layout-flow wp-block-column-is-layout-flow\" style=\"flex-basis:15%\">\n<figure class=\"wp-block-image size-full\"><img decoding=\"async\" src=\"https:\/\/gov.multi.system-testowy.pl\/wp-content\/uploads\/sites\/5\/2023\/02\/icon-color-1.png\" alt=\"\" class=\"wp-image-614\"\/><\/figure>\n<\/div>\n\n\n\n<div class=\"wp-block-column is-layout-flow wp-block-column-is-layout-flow\" style=\"flex-basis:66.66%\">\n<h3 class=\"wp-block-heading\">Moje nale\u017cno\u015bci<\/h3>\n\n\n\n<p>Tutaj sprawdzisz szczeg\u00f3\u0142y swojego konta jako Podatnik<\/p>\n\n\n\n<p><a href=\"https:\/\/centralny-portal-euslug.wysokiemazowieckie.pl\/en\/eplatnosci\/panel-uzytkownika\/moje-naleznosci\/\">Przejd\u017a do swoich nale\u017cno\u015bci kontrahenta<\/a><\/p>\n<\/div>\n<\/div>\n<\/div>\n<\/div>\n\n\n\n<div class=\"wp-block-column is-layout-flow wp-block-column-is-layout-flow\">\n<div class=\"inherit-container-width wp-block-group is-layout-constrained wp-container-core-group-is-layout-edcc6feb wp-block-group-is-layout-constrained\" style=\"border-width:1px;border-radius:10px;padding-top:10px;padding-right:10px;padding-bottom:10px;padding-left:10px\">\n<div class=\"wp-block-columns is-layout-flex wp-container-core-columns-is-layout-28f84493 wp-block-columns-is-layout-flex\">\n<div class=\"wp-block-column is-layout-flow wp-block-column-is-layout-flow\" style=\"flex-basis:15%\">\n<figure class=\"wp-block-image size-full\"><img decoding=\"async\" src=\"https:\/\/gov.multi.system-testowy.pl\/wp-content\/uploads\/sites\/5\/2023\/02\/icon-color-2.png\" alt=\"\" class=\"wp-image-620\"\/><\/figure>\n<\/div>\n\n\n\n<div class=\"wp-block-column is-layout-flow wp-block-column-is-layout-flow\" style=\"flex-basis:66.66%\">\n<h3 class=\"wp-block-heading\">Historia p\u0142atno\u015bci<\/h3>\n\n\n\n<p>Tutaj sprawdzisz szczeg\u00f3\u0142y swojego konta jako Podatnik<\/p>\n\n\n\n<p><a href=\"https:\/\/centralny-portal-euslug.wysokiemazowieckie.pl\/en\/eplatnosci\/panel-uzytkownika\/historia-platnosci\/\">Przejd\u017a do swojej historii p\u0142atno\u015bci<\/a><\/p>\n<\/div>\n<\/div>\n<\/div>\n<\/div>\n<\/div>\n\n\n\n<div class=\"wp-block-columns has-background is-layout-flex wp-container-core-columns-is-layout-ac1e076c wp-block-columns-is-layout-flex\" style=\"border-radius:10px;background-color:#00406e;margin-top:30px;padding-top:20px;padding-right:20px;padding-bottom:20px;padding-left:20px\">\n<div class=\"wp-block-column is-layout-flow wp-block-column-is-layout-flow\" style=\"flex-basis:66.66%\">\n<h2 class=\"has-ast-global-color-5-color has-text-color wp-block-heading\">Szybki dost\u0119p<\/h2>\n\n\n\n<p class=\"has-ast-global-color-5-color has-text-color\">Poni\u017cej znajdziesz szybki dost\u0119p do najwa\u017cniejszych element\u00f3w systemu. Znajdziesz tu informacje o zgodach RODO, informacje o systemie oraz zg\u0142osisz problem zwi\u0105zany z Us\u0142ug\u0105.<\/p>\n\n\n\n<p class=\"has-ast-global-color-5-color has-text-color has-link-color wp-elements-4f08ab2dcee892f7516963266c251178\"><a href=\"https:\/\/centralny-portal-euslug.wysokiemazowieckie.pl\/eplatnosci\/brak-danych\/\">Powi\u0105\u017c konto z podmiotem<\/a><\/p>\n\n\n\n<p class=\"has-link-color wp-elements-e257867fbb0448e3ad53691968769cd6\"><a href=\"https:\/\/centralny-portal-euslug.wysokiemazowieckie.pl\/eplatnosci\/panel-uzytkownika\/\">Panel U\u017cytkownika<\/a><\/p>\n\n\n\n<p class=\"has-link-color wp-elements-fdbddef94f2c2f710b5a5c78703801a6\"><a href=\"https:\/\/centralny-portal-euslug.wysokiemazowieckie.pl\/eplatnosci\/panel-uzytkownika\/moje-powiadomienia\/\">Zarz\u0105dzaj powiadomieniami<\/a><\/p>\n<\/div>\n\n\n\n<div class=\"wp-block-column is-vertically-aligned-center is-layout-flow wp-block-column-is-layout-flow\" style=\"flex-basis:33.33%\">\n<figure class=\"wp-block-image size-full\"><img decoding=\"async\" src=\"https:\/\/centralny-portal-euslug.wysokie-mazowieckie.system-testowy.pl\/wp-content\/uploads\/sites\/20\/2023\/02\/wiekszy-obrazek.png\" alt=\"\" class=\"wp-image-1631\"\/><\/figure>\n<\/div>\n<\/div>\n<p>Views: 6<\/p>","protected":false},"excerpt":{"rendered":"<p>Moje dane Tutaj sprawdzisz szczeg\u00f3\u0142y swojego konta jako Podatnik Przejd\u017a do swoich danych kontrahenta Moje nale\u017cno\u015bci Tutaj sprawdzisz szczeg\u00f3\u0142y swojego konta jako Podatnik Przejd\u017a do swoich nale\u017cno\u015bci kontrahenta Historia p\u0142atno\u015bci Tutaj sprawdzisz szczeg\u00f3\u0142y swojego konta jako Podatnik Przejd\u017a do swojej historii p\u0142atno\u015bci Views: 6<\/p>\n","protected":false},"author":8,"featured_media":0,"parent":2030,"menu_order":0,"comment_status":"closed","ping_status":"closed","template":"","meta":{"site-sidebar-layout":"default","site-content-layout":"","ast-site-content-layout":"default","site-content-style":"default","site-sidebar-style":"default","ast-global-header-display":"","ast-banner-title-visibility":"","ast-main-header-display":"","ast-hfb-above-header-display":"","ast-hfb-below-header-display":"","ast-hfb-mobile-header-display":"","site-post-title":"","ast-breadcrumbs-content":"","ast-featured-img":"","footer-sml-layout":"","theme-transparent-header-meta":"","adv-header-id-meta":"","stick-header-meta":"","header-above-stick-meta":"","header-main-stick-meta":"","header-below-stick-meta":"","astra-migrate-meta-layouts":"default","ast-page-background-enabled":"default","ast-page-background-meta":{"desktop":{"background-color":"var(--ast-global-color-4)","background-image":"","background-repeat":"repeat","background-position":"center center","background-size":"auto","background-attachment":"scroll","background-type":"","background-media":"","overlay-type":"","overlay-color":"","overlay-opacity":"","overlay-gradient":""},"tablet":{"background-color":"","background-image":"","background-repeat":"repeat","background-position":"center center","background-size":"auto","background-attachment":"scroll","background-type":"","background-media":"","overlay-type":"","overlay-color":"","overlay-opacity":"","overlay-gradient":""},"mobile":{"background-color":"","background-image":"","background-repeat":"repeat","background-position":"center center","background-size":"auto","background-attachment":"scroll","background-type":"","background-media":"","overlay-type":"","overlay-color":"","overlay-opacity":"","overlay-gradient":""}},"ast-content-background-meta":{"desktop":{"background-color":"var(--ast-global-color-5)","background-image":"","background-repeat":"repeat","background-position":"center center","background-size":"auto","background-attachment":"scroll","background-type":"","background-media":"","overlay-type":"","overlay-color":"","overlay-opacity":"","overlay-gradient":""},"tablet":{"background-color":"var(--ast-global-color-5)","background-image":"","background-repeat":"repeat","background-position":"center center","background-size":"auto","background-attachment":"scroll","background-type":"","background-media":"","overlay-type":"","overlay-color":"","overlay-opacity":"","overlay-gradient":""},"mobile":{"background-color":"var(--ast-global-color-5)","background-image":"","background-repeat":"repeat","background-position":"center center","background-size":"auto","background-attachment":"scroll","background-type":"","background-media":"","overlay-type":"","overlay-color":"","overlay-opacity":"","overlay-gradient":""}},"footnotes":""},"class_list":["post-2045","page","type-page","status-publish","hentry"],"yoast_head":"<!-- This site is optimized with the Yoast SEO plugin v27.4 - https:\/\/yoast.com\/product\/yoast-seo-wordpress\/ -->\n<title>Panel u\u017cytkownika - Central Portal of E-Services<\/title>\n<meta name=\"robots\" content=\"index, follow, max-snippet:-1, max-image-preview:large, max-video-preview:-1\" \/>\n<link rel=\"canonical\" href=\"https:\/\/centralny-portal-euslug.wysokiemazowieckie.pl\/en\/eplatnosci\/panel-uzytkownika\/\" \/>\n<meta property=\"og:locale\" content=\"en_US\" \/>\n<meta property=\"og:type\" content=\"article\" \/>\n<meta property=\"og:title\" content=\"Panel u\u017cytkownika - Central Portal of E-Services\" \/>\n<meta property=\"og:description\" content=\"Moje dane Tutaj sprawdzisz szczeg\u00f3\u0142y swojego konta jako Podatnik Przejd\u017a do swoich danych kontrahenta Moje nale\u017cno\u015bci Tutaj sprawdzisz szczeg\u00f3\u0142y swojego konta jako Podatnik Przejd\u017a do swoich nale\u017cno\u015bci kontrahenta Historia p\u0142atno\u015bci Tutaj sprawdzisz szczeg\u00f3\u0142y swojego konta jako Podatnik Przejd\u017a do swojej historii p\u0142atno\u015bci Views: 6\" \/>\n<meta property=\"og:url\" content=\"https:\/\/centralny-portal-euslug.wysokiemazowieckie.pl\/en\/eplatnosci\/panel-uzytkownika\/\" \/>\n<meta property=\"og:site_name\" content=\"Central Portal of E-Services\" \/>\n<meta property=\"article:modified_time\" content=\"2023-04-10T21:11:01+00:00\" \/>\n<meta property=\"og:image\" content=\"https:\/\/gov.multi.system-testowy.pl\/wp-content\/uploads\/sites\/5\/2023\/02\/icon-color.png\" \/>\n<meta name=\"twitter:card\" content=\"summary_large_image\" \/>\n<meta name=\"twitter:label1\" content=\"Est. reading time\" \/>\n\t<meta name=\"twitter:data1\" content=\"1 minute\" \/>\n<script type=\"application\/ld+json\" class=\"yoast-schema-graph\">{\"@context\":\"https:\\\/\\\/schema.org\",\"@graph\":[{\"@type\":\"WebPage\",\"@id\":\"https:\\\/\\\/centralny-portal-euslug.wysokiemazowieckie.pl\\\/en\\\/eplatnosci\\\/panel-uzytkownika\\\/\",\"url\":\"https:\\\/\\\/centralny-portal-euslug.wysokiemazowieckie.pl\\\/en\\\/eplatnosci\\\/panel-uzytkownika\\\/\",\"name\":\"Panel u\u017cytkownika - Central Portal of E-Services\",\"isPartOf\":{\"@id\":\"https:\\\/\\\/centralny-portal-euslug.wysokiemazowieckie.pl\\\/#website\"},\"primaryImageOfPage\":{\"@id\":\"https:\\\/\\\/centralny-portal-euslug.wysokiemazowieckie.pl\\\/en\\\/eplatnosci\\\/panel-uzytkownika\\\/#primaryimage\"},\"image\":{\"@id\":\"https:\\\/\\\/centralny-portal-euslug.wysokiemazowieckie.pl\\\/en\\\/eplatnosci\\\/panel-uzytkownika\\\/#primaryimage\"},\"thumbnailUrl\":\"https:\\\/\\\/gov.multi.system-testowy.pl\\\/wp-content\\\/uploads\\\/sites\\\/5\\\/2023\\\/02\\\/icon-color.png\",\"datePublished\":\"2023-02-07T07:57:12+00:00\",\"dateModified\":\"2023-04-10T21:11:01+00:00\",\"breadcrumb\":{\"@id\":\"https:\\\/\\\/centralny-portal-euslug.wysokiemazowieckie.pl\\\/en\\\/eplatnosci\\\/panel-uzytkownika\\\/#breadcrumb\"},\"inLanguage\":\"en-US\",\"potentialAction\":[{\"@type\":\"ReadAction\",\"target\":[\"https:\\\/\\\/centralny-portal-euslug.wysokiemazowieckie.pl\\\/en\\\/eplatnosci\\\/panel-uzytkownika\\\/\"]}]},{\"@type\":\"ImageObject\",\"inLanguage\":\"en-US\",\"@id\":\"https:\\\/\\\/centralny-portal-euslug.wysokiemazowieckie.pl\\\/en\\\/eplatnosci\\\/panel-uzytkownika\\\/#primaryimage\",\"url\":\"https:\\\/\\\/gov.multi.system-testowy.pl\\\/wp-content\\\/uploads\\\/sites\\\/5\\\/2023\\\/02\\\/icon-color.png\",\"contentUrl\":\"https:\\\/\\\/gov.multi.system-testowy.pl\\\/wp-content\\\/uploads\\\/sites\\\/5\\\/2023\\\/02\\\/icon-color.png\"},{\"@type\":\"BreadcrumbList\",\"@id\":\"https:\\\/\\\/centralny-portal-euslug.wysokiemazowieckie.pl\\\/en\\\/eplatnosci\\\/panel-uzytkownika\\\/#breadcrumb\",\"itemListElement\":[{\"@type\":\"ListItem\",\"position\":1,\"name\":\"Strona g\u0142\u00f3wna\",\"item\":\"https:\\\/\\\/centralny-portal-euslug.wysokiemazowieckie.pl\\\/en\\\/\"},{\"@type\":\"ListItem\",\"position\":2,\"name\":\"eP\u0142atno\u015bci\",\"item\":\"https:\\\/\\\/centralny-portal-euslug.wysokiemazowieckie.pl\\\/en\\\/eplatnosci\\\/\"},{\"@type\":\"ListItem\",\"position\":3,\"name\":\"Panel u\u017cytkownika\"}]},{\"@type\":\"WebSite\",\"@id\":\"https:\\\/\\\/centralny-portal-euslug.wysokiemazowieckie.pl\\\/#website\",\"url\":\"https:\\\/\\\/centralny-portal-euslug.wysokiemazowieckie.pl\\\/\",\"name\":\"Central Portal of E-Services\",\"description\":\"City hall Wysokie Mazowieckie\",\"publisher\":{\"@id\":\"https:\\\/\\\/centralny-portal-euslug.wysokiemazowieckie.pl\\\/#organization\"},\"potentialAction\":[{\"@type\":\"SearchAction\",\"target\":{\"@type\":\"EntryPoint\",\"urlTemplate\":\"https:\\\/\\\/centralny-portal-euslug.wysokiemazowieckie.pl\\\/?s={search_term_string}\"},\"query-input\":{\"@type\":\"PropertyValueSpecification\",\"valueRequired\":true,\"valueName\":\"search_term_string\"}}],\"inLanguage\":\"en-US\"},{\"@type\":\"Organization\",\"@id\":\"https:\\\/\\\/centralny-portal-euslug.wysokiemazowieckie.pl\\\/#organization\",\"name\":\"Central Portal of E-Services\",\"url\":\"https:\\\/\\\/centralny-portal-euslug.wysokiemazowieckie.pl\\\/\",\"logo\":{\"@type\":\"ImageObject\",\"inLanguage\":\"en-US\",\"@id\":\"https:\\\/\\\/centralny-portal-euslug.wysokiemazowieckie.pl\\\/#\\\/schema\\\/logo\\\/image\\\/\",\"url\":\"https:\\\/\\\/centralny-portal-euslug.wysokiemazowieckie.pl\\\/wp-content\\\/uploads\\\/sites\\\/20\\\/2022\\\/12\\\/herbWysokieMaz600.png\",\"contentUrl\":\"https:\\\/\\\/centralny-portal-euslug.wysokiemazowieckie.pl\\\/wp-content\\\/uploads\\\/sites\\\/20\\\/2022\\\/12\\\/herbWysokieMaz600.png\",\"width\":496,\"height\":600,\"caption\":\"Central Portal of E-Services\"},\"image\":{\"@id\":\"https:\\\/\\\/centralny-portal-euslug.wysokiemazowieckie.pl\\\/#\\\/schema\\\/logo\\\/image\\\/\"}}]}<\/script>\n<!-- \/ Yoast SEO plugin. -->","yoast_head_json":{"title":"Panel u\u017cytkownika - Central Portal of E-Services","robots":{"index":"index","follow":"follow","max-snippet":"max-snippet:-1","max-image-preview":"max-image-preview:large","max-video-preview":"max-video-preview:-1"},"canonical":"https:\/\/centralny-portal-euslug.wysokiemazowieckie.pl\/en\/eplatnosci\/panel-uzytkownika\/","og_locale":"en_US","og_type":"article","og_title":"Panel u\u017cytkownika - Central Portal of E-Services","og_description":"Moje dane Tutaj sprawdzisz szczeg\u00f3\u0142y swojego konta jako Podatnik Przejd\u017a do swoich danych kontrahenta Moje nale\u017cno\u015bci Tutaj sprawdzisz szczeg\u00f3\u0142y swojego konta jako Podatnik Przejd\u017a do swoich nale\u017cno\u015bci kontrahenta Historia p\u0142atno\u015bci Tutaj sprawdzisz szczeg\u00f3\u0142y swojego konta jako Podatnik Przejd\u017a do swojej historii p\u0142atno\u015bci Views: 6","og_url":"https:\/\/centralny-portal-euslug.wysokiemazowieckie.pl\/en\/eplatnosci\/panel-uzytkownika\/","og_site_name":"Central Portal of E-Services","article_modified_time":"2023-04-10T21:11:01+00:00","og_image":[{"url":"https:\/\/gov.multi.system-testowy.pl\/wp-content\/uploads\/sites\/5\/2023\/02\/icon-color.png","type":"","width":"","height":""}],"twitter_card":"summary_large_image","twitter_misc":{"Est. reading time":"1 minute"},"schema":{"@context":"https:\/\/schema.org","@graph":[{"@type":"WebPage","@id":"https:\/\/centralny-portal-euslug.wysokiemazowieckie.pl\/en\/eplatnosci\/panel-uzytkownika\/","url":"https:\/\/centralny-portal-euslug.wysokiemazowieckie.pl\/en\/eplatnosci\/panel-uzytkownika\/","name":"Panel u\u017cytkownika - Central Portal of E-Services","isPartOf":{"@id":"https:\/\/centralny-portal-euslug.wysokiemazowieckie.pl\/#website"},"primaryImageOfPage":{"@id":"https:\/\/centralny-portal-euslug.wysokiemazowieckie.pl\/en\/eplatnosci\/panel-uzytkownika\/#primaryimage"},"image":{"@id":"https:\/\/centralny-portal-euslug.wysokiemazowieckie.pl\/en\/eplatnosci\/panel-uzytkownika\/#primaryimage"},"thumbnailUrl":"https:\/\/gov.multi.system-testowy.pl\/wp-content\/uploads\/sites\/5\/2023\/02\/icon-color.png","datePublished":"2023-02-07T07:57:12+00:00","dateModified":"2023-04-10T21:11:01+00:00","breadcrumb":{"@id":"https:\/\/centralny-portal-euslug.wysokiemazowieckie.pl\/en\/eplatnosci\/panel-uzytkownika\/#breadcrumb"},"inLanguage":"en-US","potentialAction":[{"@type":"ReadAction","target":["https:\/\/centralny-portal-euslug.wysokiemazowieckie.pl\/en\/eplatnosci\/panel-uzytkownika\/"]}]},{"@type":"ImageObject","inLanguage":"en-US","@id":"https:\/\/centralny-portal-euslug.wysokiemazowieckie.pl\/en\/eplatnosci\/panel-uzytkownika\/#primaryimage","url":"https:\/\/gov.multi.system-testowy.pl\/wp-content\/uploads\/sites\/5\/2023\/02\/icon-color.png","contentUrl":"https:\/\/gov.multi.system-testowy.pl\/wp-content\/uploads\/sites\/5\/2023\/02\/icon-color.png"},{"@type":"BreadcrumbList","@id":"https:\/\/centralny-portal-euslug.wysokiemazowieckie.pl\/en\/eplatnosci\/panel-uzytkownika\/#breadcrumb","itemListElement":[{"@type":"ListItem","position":1,"name":"Strona g\u0142\u00f3wna","item":"https:\/\/centralny-portal-euslug.wysokiemazowieckie.pl\/en\/"},{"@type":"ListItem","position":2,"name":"eP\u0142atno\u015bci","item":"https:\/\/centralny-portal-euslug.wysokiemazowieckie.pl\/en\/eplatnosci\/"},{"@type":"ListItem","position":3,"name":"Panel u\u017cytkownika"}]},{"@type":"WebSite","@id":"https:\/\/centralny-portal-euslug.wysokiemazowieckie.pl\/#website","url":"https:\/\/centralny-portal-euslug.wysokiemazowieckie.pl\/","name":"Central Portal of E-Services","description":"City hall Wysokie Mazowieckie","publisher":{"@id":"https:\/\/centralny-portal-euslug.wysokiemazowieckie.pl\/#organization"},"potentialAction":[{"@type":"SearchAction","target":{"@type":"EntryPoint","urlTemplate":"https:\/\/centralny-portal-euslug.wysokiemazowieckie.pl\/?s={search_term_string}"},"query-input":{"@type":"PropertyValueSpecification","valueRequired":true,"valueName":"search_term_string"}}],"inLanguage":"en-US"},{"@type":"Organization","@id":"https:\/\/centralny-portal-euslug.wysokiemazowieckie.pl\/#organization","name":"Central Portal of E-Services","url":"https:\/\/centralny-portal-euslug.wysokiemazowieckie.pl\/","logo":{"@type":"ImageObject","inLanguage":"en-US","@id":"https:\/\/centralny-portal-euslug.wysokiemazowieckie.pl\/#\/schema\/logo\/image\/","url":"https:\/\/centralny-portal-euslug.wysokiemazowieckie.pl\/wp-content\/uploads\/sites\/20\/2022\/12\/herbWysokieMaz600.png","contentUrl":"https:\/\/centralny-portal-euslug.wysokiemazowieckie.pl\/wp-content\/uploads\/sites\/20\/2022\/12\/herbWysokieMaz600.png","width":496,"height":600,"caption":"Central Portal of E-Services"},"image":{"@id":"https:\/\/centralny-portal-euslug.wysokiemazowieckie.pl\/#\/schema\/logo\/image\/"}}]}},"_links":{"self":[{"href":"https:\/\/centralny-portal-euslug.wysokiemazowieckie.pl\/en\/wp-json\/wp\/v2\/pages\/2045","targetHints":{"allow":["GET"]}}],"collection":[{"href":"https:\/\/centralny-portal-euslug.wysokiemazowieckie.pl\/en\/wp-json\/wp\/v2\/pages"}],"about":[{"href":"https:\/\/centralny-portal-euslug.wysokiemazowieckie.pl\/en\/wp-json\/wp\/v2\/types\/page"}],"author":[{"embeddable":true,"href":"https:\/\/centralny-portal-euslug.wysokiemazowieckie.pl\/en\/wp-json\/wp\/v2\/users\/8"}],"replies":[{"embeddable":true,"href":"https:\/\/centralny-portal-euslug.wysokiemazowieckie.pl\/en\/wp-json\/wp\/v2\/comments?post=2045"}],"version-history":[{"count":2,"href":"https:\/\/centralny-portal-euslug.wysokiemazowieckie.pl\/en\/wp-json\/wp\/v2\/pages\/2045\/revisions"}],"predecessor-version":[{"id":2093,"href":"https:\/\/centralny-portal-euslug.wysokiemazowieckie.pl\/en\/wp-json\/wp\/v2\/pages\/2045\/revisions\/2093"}],"up":[{"embeddable":true,"href":"https:\/\/centralny-portal-euslug.wysokiemazowieckie.pl\/en\/wp-json\/wp\/v2\/pages\/2030"}],"wp:attachment":[{"href":"https:\/\/centralny-portal-euslug.wysokiemazowieckie.pl\/en\/wp-json\/wp\/v2\/media?parent=2045"}],"curies":[{"name":"wp","href":"https:\/\/api.w.org\/{rel}","templated":true}]}}